{"id":23,"date":"2024-04-08T16:46:09","date_gmt":"2024-04-08T14:46:09","guid":{"rendered":"http:\/\/jjdigital.fr\/?page_id=23"},"modified":"2024-05-30T12:04:52","modified_gmt":"2024-05-30T10:04:52","slug":"mon-parcou","status":"publish","type":"page","link":"https:\/\/jjdigital.fr\/?page_id=23","title":{"rendered":"Mon parcours"},"content":{"rendered":"\n<div style=\"height:81px\" aria-hidden=\"true\" class=\"wp-block-spacer\"><\/div>\n\n\n<style>.kb-image23_332f2e-14 .kb-image-has-overlay:after{opacity:0.3;}<\/style>\n<figure class=\"wp-block-kadence-image kb-image23_332f2e-14 size-large\"><img loading=\"lazy\" decoding=\"async\" width=\"1024\" height=\"890\" src=\"http:\/\/jjdigital.fr\/wp-content\/uploads\/2024\/04\/photo-profil-1-1024x890.jpg\" alt=\"\" class=\"kb-img wp-image-24\" srcset=\"https:\/\/jjdigital.fr\/wp-content\/uploads\/2024\/04\/photo-profil-1-1024x890.jpg 1024w, https:\/\/jjdigital.fr\/wp-content\/uploads\/2024\/04\/photo-profil-1-300x261.jpg 300w, https:\/\/jjdigital.fr\/wp-content\/uploads\/2024\/04\/photo-profil-1-768x668.jpg 768w, https:\/\/jjdigital.fr\/wp-content\/uploads\/2024\/04\/photo-profil-1-1536x1336.jpg 1536w, https:\/\/jjdigital.fr\/wp-content\/uploads\/2024\/04\/photo-profil-1-2048x1781.jpg 2048w\" sizes=\"auto, (max-width: 1024px) 100vw, 1024px\" \/><\/figure>\n\n\n<style>.kb-row-layout-id23_4905e9-aa > .kt-row-column-wrap{align-content:start;}:where(.kb-row-layout-id23_4905e9-aa > .kt-row-column-wrap) > .wp-block-kadence-column{justify-content:start;}.kb-row-layout-id23_4905e9-aa > .kt-row-column-wrap{column-gap:var(--global-kb-gap-md, 2rem);row-gap:var(--global-kb-gap-md, 2rem);padding-top:0px;padding-bottom:0px;grid-template-columns:minmax(0, 1fr);}.kb-row-layout-id23_4905e9-aa > .kt-row-layout-overlay{opacity:0.30;}@media all and (max-width: 1024px){.kb-row-layout-id23_4905e9-aa > .kt-row-column-wrap{grid-template-columns:minmax(0, 1fr);}}@media all and (max-width: 767px){.kb-row-layout-id23_4905e9-aa > .kt-row-column-wrap{grid-template-columns:minmax(0, 1fr);}}<\/style><div class=\"kb-row-layout-wrap kb-row-layout-id23_4905e9-aa alignnone wp-block-kadence-rowlayout\"><div class=\"kt-row-column-wrap kt-has-1-columns kt-row-layout-equal kt-tab-layout-inherit kt-mobile-layout-row kt-row-valign-top\">\n<style>.kadence-column23_4a9a8d-ec > .kt-inside-inner-col,.kadence-column23_4a9a8d-ec > .kt-inside-inner-col:before{border-top-left-radius:0px;border-top-right-radius:0px;border-bottom-right-radius:0px;border-bottom-left-radius:0px;}.kadence-column23_4a9a8d-ec > .kt-inside-inner-col{column-gap:var(--global-kb-gap-sm, 1rem);}.kadence-column23_4a9a8d-ec > .kt-inside-inner-col{flex-direction:column;}.kadence-column23_4a9a8d-ec > .kt-inside-inner-col > .aligncenter{width:100%;}.kadence-column23_4a9a8d-ec > .kt-inside-inner-col:before{opacity:0.3;}.kadence-column23_4a9a8d-ec{position:relative;}@media all and (max-width: 1024px){.kadence-column23_4a9a8d-ec > .kt-inside-inner-col{flex-direction:column;justify-content:center;}}@media all and (max-width: 767px){.kadence-column23_4a9a8d-ec > .kt-inside-inner-col{flex-direction:column;justify-content:center;}}<\/style>\n<div class=\"wp-block-kadence-column kadence-column23_4a9a8d-ec\"><div class=\"kt-inside-inner-col\"><style>.wp-block-kadence-advancedheading.kt-adv-heading23_6bb08d-a3, .wp-block-kadence-advancedheading.kt-adv-heading23_6bb08d-a3[data-kb-block=\"kb-adv-heading23_6bb08d-a3\"]{font-size:var(--global-kb-font-size-md, 1.25rem);font-weight:400;font-style:normal;font-family:Arima;}.wp-block-kadence-advancedheading.kt-adv-heading23_6bb08d-a3 mark.kt-highlight, .wp-block-kadence-advancedheading.kt-adv-heading23_6bb08d-a3[data-kb-block=\"kb-adv-heading23_6bb08d-a3\"] mark.kt-highlight{font-style:normal;color:#f76a0c;-webkit-box-decoration-break:clone;box-decoration-break:clone;padding-top:0px;padding-right:0px;padding-bottom:0px;padding-left:0px;}.wp-block-kadence-advancedheading.kt-adv-heading23_6bb08d-a3 img.kb-inline-image, .wp-block-kadence-advancedheading.kt-adv-heading23_6bb08d-a3[data-kb-block=\"kb-adv-heading23_6bb08d-a3\"] img.kb-inline-image{width:150px;vertical-align:baseline;}<\/style>\n<h2 class=\"kt-adv-heading23_6bb08d-a3 wp-block-kadence-advancedheading\" data-kb-block=\"kb-adv-heading23_6bb08d-a3\">Je me pr\u00e9sente Johanna, une professionnelle dans le secr\u00e9tariat avec plus de 14 ans d\u2019exp\u00e9rience \u00e0 mon actif. Mon parcours professionnel \u00e0 toujours \u00e9t\u00e9 guid\u00e9 par ma passion pour l\u2019informatique et la cr\u00e9ativit\u00e9. C\u2019est pourquoi, au fil des ann\u00e9es, j\u2019ai entrepris une formation approfondie en graphisme et en webdesign.<\/h2>\n\n\n<style>.wp-block-kadence-advancedheading.kt-adv-heading23_0008ed-16, .wp-block-kadence-advancedheading.kt-adv-heading23_0008ed-16[data-kb-block=\"kb-adv-heading23_0008ed-16\"]{font-size:var(--global-kb-font-size-md, 1.25rem);font-weight:400;font-style:normal;font-family:Arima;}.wp-block-kadence-advancedheading.kt-adv-heading23_0008ed-16 mark.kt-highlight, .wp-block-kadence-advancedheading.kt-adv-heading23_0008ed-16[data-kb-block=\"kb-adv-heading23_0008ed-16\"] mark.kt-highlight{font-style:normal;color:#f76a0c;-webkit-box-decoration-break:clone;box-decoration-break:clone;padding-top:0px;padding-right:0px;padding-bottom:0px;padding-left:0px;}.wp-block-kadence-advancedheading.kt-adv-heading23_0008ed-16 img.kb-inline-image, .wp-block-kadence-advancedheading.kt-adv-heading23_0008ed-16[data-kb-block=\"kb-adv-heading23_0008ed-16\"] img.kb-inline-image{width:150px;vertical-align:baseline;}<\/style>\n<h2 class=\"kt-adv-heading23_0008ed-16 wp-block-kadence-advancedheading\" data-kb-block=\"kb-adv-heading23_0008ed-16\">En 2023, j\u2019ai d\u00e9cid\u00e9 de concr\u00e9tiser mon r\u00eave en cr\u00e9ant ma propre entreprise, JJ Digital, d\u00e9di\u00e9e \u00e0 la prestation de services digital. Cette nouvelle \u00e9tape marque le d\u00e9but d\u2019une aventure passionnante.<\/h2>\n\n\n<style>.wp-block-kadence-advancedheading.kt-adv-heading23_113867-b7, .wp-block-kadence-advancedheading.kt-adv-heading23_113867-b7[data-kb-block=\"kb-adv-heading23_113867-b7\"]{font-size:var(--global-kb-font-size-md, 1.25rem);font-weight:400;font-style:normal;font-family:Arima;}.wp-block-kadence-advancedheading.kt-adv-heading23_113867-b7 mark.kt-highlight, .wp-block-kadence-advancedheading.kt-adv-heading23_113867-b7[data-kb-block=\"kb-adv-heading23_113867-b7\"] mark.kt-highlight{font-style:normal;color:#f76a0c;-webkit-box-decoration-break:clone;box-decoration-break:clone;padding-top:0px;padding-right:0px;padding-bottom:0px;padding-left:0px;}.wp-block-kadence-advancedheading.kt-adv-heading23_113867-b7 img.kb-inline-image, .wp-block-kadence-advancedheading.kt-adv-heading23_113867-b7[data-kb-block=\"kb-adv-heading23_113867-b7\"] img.kb-inline-image{width:150px;vertical-align:baseline;}<\/style>\n<h2 class=\"kt-adv-heading23_113867-b7 wp-block-kadence-advancedheading\" data-kb-block=\"kb-adv-heading23_113867-b7\">Au c\u0153ur de JJ Digital, j\u2019ai souhait\u00e9 mettre en avant quatre activit\u00e9s qui me tiennent particuli\u00e8rement \u00e0 c\u0153ur, chacune repr\u00e9sentant un pilier&nbsp; de mon expertise.<\/h2>\n\n\n<style>.wp-block-kadence-advancedheading.kt-adv-heading23_b0eb95-06, .wp-block-kadence-advancedheading.kt-adv-heading23_b0eb95-06[data-kb-block=\"kb-adv-heading23_b0eb95-06\"]{font-size:var(--global-kb-font-size-md, 1.25rem);font-weight:400;font-style:normal;font-family:Arima;}.wp-block-kadence-advancedheading.kt-adv-heading23_b0eb95-06[data-kb-block=\"kb-adv-heading23_b0eb95-06\"]{display:flex;gap:0.25em;align-items:center;}.wp-block-kadence-advancedheading.kt-adv-heading23_b0eb95-06[data-kb-block=\"kb-adv-heading23_b0eb95-06\"] .kb-adv-heading-icon svg{width:1em;height:1em;}.wp-block-kadence-advancedheading.kt-adv-heading23_b0eb95-06 mark.kt-highlight, .wp-block-kadence-advancedheading.kt-adv-heading23_b0eb95-06[data-kb-block=\"kb-adv-heading23_b0eb95-06\"] mark.kt-highlight{font-style:normal;color:#f76a0c;-webkit-box-decoration-break:clone;box-decoration-break:clone;padding-top:0px;padding-right:0px;padding-bottom:0px;padding-left:0px;}.wp-block-kadence-advancedheading.kt-adv-heading23_b0eb95-06 img.kb-inline-image, .wp-block-kadence-advancedheading.kt-adv-heading23_b0eb95-06[data-kb-block=\"kb-adv-heading23_b0eb95-06\"] img.kb-inline-image{width:150px;vertical-align:baseline;}<\/style><h2 class=\"kt-adv-heading23_b0eb95-06 wp-block-kadence-advancedheading kt-adv-heading-has-icon\" data-kb-block=\"kb-adv-heading23_b0eb95-06\"><span class=\"kb-svg-icon-wrap kb-adv-heading-icon kb-svg-icon-fe_check kb-adv-heading-icon-side-left\"><svg viewBox=\"0 0 24 24\"  fill=\"none\" stroke=\"currentColor\" stroke-width=\"2\" stroke-linecap=\"round\" stroke-linejoin=\"round\" xmlns=\"http:\/\/www.w3.org\/2000\/svg\"  aria-hidden=\"true\"><polyline points=\"20 6 9 17 4 12\"\/><\/svg><\/span><span class=\"kb-adv-text-inner\">Webdesigner&nbsp;: mon amour pour la conception de sites web se refl\u00e8te dans mon travail cr\u00e9atif et innovant. Je suis d\u00e9termin\u00e9e \u00e0 cr\u00e9er&nbsp; des exp\u00e9riences en ligne exceptionnelles pour mes clients, alliant esth\u00e9tique et fonctionnalit\u00e9.<\/span><\/h2>\n\n<style>.wp-block-kadence-advancedheading.kt-adv-heading23_0499b7-0e, .wp-block-kadence-advancedheading.kt-adv-heading23_0499b7-0e[data-kb-block=\"kb-adv-heading23_0499b7-0e\"]{font-size:var(--global-kb-font-size-md, 1.25rem);font-weight:400;font-style:normal;font-family:Arima;}.wp-block-kadence-advancedheading.kt-adv-heading23_0499b7-0e[data-kb-block=\"kb-adv-heading23_0499b7-0e\"]{display:flex;gap:0.25em;align-items:center;}.wp-block-kadence-advancedheading.kt-adv-heading23_0499b7-0e[data-kb-block=\"kb-adv-heading23_0499b7-0e\"] .kb-adv-heading-icon svg{width:1em;height:1em;}.wp-block-kadence-advancedheading.kt-adv-heading23_0499b7-0e mark.kt-highlight, .wp-block-kadence-advancedheading.kt-adv-heading23_0499b7-0e[data-kb-block=\"kb-adv-heading23_0499b7-0e\"] mark.kt-highlight{font-style:normal;color:#f76a0c;-webkit-box-decoration-break:clone;box-decoration-break:clone;padding-top:0px;padding-right:0px;padding-bottom:0px;padding-left:0px;}.wp-block-kadence-advancedheading.kt-adv-heading23_0499b7-0e img.kb-inline-image, .wp-block-kadence-advancedheading.kt-adv-heading23_0499b7-0e[data-kb-block=\"kb-adv-heading23_0499b7-0e\"] img.kb-inline-image{width:150px;vertical-align:baseline;}<\/style><h2 class=\"kt-adv-heading23_0499b7-0e wp-block-kadence-advancedheading kt-adv-heading-has-icon\" data-kb-block=\"kb-adv-heading23_0499b7-0e\"><span class=\"kb-svg-icon-wrap kb-adv-heading-icon kb-svg-icon-fe_check kb-adv-heading-icon-side-left\"><svg viewBox=\"0 0 24 24\"  fill=\"none\" stroke=\"currentColor\" stroke-width=\"2\" stroke-linecap=\"round\" stroke-linejoin=\"round\" xmlns=\"http:\/\/www.w3.org\/2000\/svg\"  aria-hidden=\"true\"><polyline points=\"20 6 9 17 4 12\"\/><\/svg><\/span><span class=\"kb-adv-text-inner\">Graphiste&nbsp;: la cr\u00e9ativit\u00e9 est mon moteur. Je mets \u00e0 disposition mes comp\u00e9tences en graphisme pour donner vie \u00e0 des designs percutants, qu\u2019il s\u2019agisse de logos, d\u2019images promotionnelles ou de tout autre \u00e9l\u00e9ment visuel.<\/span><\/h2>\n\n<style>.wp-block-kadence-advancedheading.kt-adv-heading23_0b5035-2c, .wp-block-kadence-advancedheading.kt-adv-heading23_0b5035-2c[data-kb-block=\"kb-adv-heading23_0b5035-2c\"]{font-size:var(--global-kb-font-size-md, 1.25rem);font-weight:400;font-style:normal;font-family:Arima;}.wp-block-kadence-advancedheading.kt-adv-heading23_0b5035-2c[data-kb-block=\"kb-adv-heading23_0b5035-2c\"]{display:flex;gap:0.25em;align-items:center;}.wp-block-kadence-advancedheading.kt-adv-heading23_0b5035-2c[data-kb-block=\"kb-adv-heading23_0b5035-2c\"] .kb-adv-heading-icon svg{width:1em;height:1em;}.wp-block-kadence-advancedheading.kt-adv-heading23_0b5035-2c mark.kt-highlight, .wp-block-kadence-advancedheading.kt-adv-heading23_0b5035-2c[data-kb-block=\"kb-adv-heading23_0b5035-2c\"] mark.kt-highlight{font-style:normal;color:#f76a0c;-webkit-box-decoration-break:clone;box-decoration-break:clone;padding-top:0px;padding-right:0px;padding-bottom:0px;padding-left:0px;}.wp-block-kadence-advancedheading.kt-adv-heading23_0b5035-2c img.kb-inline-image, .wp-block-kadence-advancedheading.kt-adv-heading23_0b5035-2c[data-kb-block=\"kb-adv-heading23_0b5035-2c\"] img.kb-inline-image{width:150px;vertical-align:baseline;}<\/style><h2 class=\"kt-adv-heading23_0b5035-2c wp-block-kadence-advancedheading kt-adv-heading-has-icon\" data-kb-block=\"kb-adv-heading23_0b5035-2c\"><span class=\"kb-svg-icon-wrap kb-adv-heading-icon kb-svg-icon-fe_check kb-adv-heading-icon-side-left\"><svg viewBox=\"0 0 24 24\"  fill=\"none\" stroke=\"currentColor\" stroke-width=\"2\" stroke-linecap=\"round\" stroke-linejoin=\"round\" xmlns=\"http:\/\/www.w3.org\/2000\/svg\"  aria-hidden=\"true\"><polyline points=\"20 6 9 17 4 12\"\/><\/svg><\/span><span class=\"kb-adv-text-inner\">Assistante virtuelle : En tant que secr\u00e9taire, je suis \u00e9galement experte dans la gestion des t\u00e2ches administratives. Je propose des services d&rsquo;assistance virtuelle professionnels pour aider mes clients \u00e0 gagner en efficacit\u00e9.<\/span><\/h2>\n\n<style>.wp-block-kadence-advancedheading.kt-adv-heading23_bfc9de-2b, .wp-block-kadence-advancedheading.kt-adv-heading23_bfc9de-2b[data-kb-block=\"kb-adv-heading23_bfc9de-2b\"]{font-size:var(--global-kb-font-size-md, 1.25rem);font-weight:400;font-style:normal;font-family:Arima;}.wp-block-kadence-advancedheading.kt-adv-heading23_bfc9de-2b[data-kb-block=\"kb-adv-heading23_bfc9de-2b\"]{display:flex;gap:0.25em;align-items:center;}.wp-block-kadence-advancedheading.kt-adv-heading23_bfc9de-2b[data-kb-block=\"kb-adv-heading23_bfc9de-2b\"] .kb-adv-heading-icon svg{width:1em;height:1em;}.wp-block-kadence-advancedheading.kt-adv-heading23_bfc9de-2b mark.kt-highlight, .wp-block-kadence-advancedheading.kt-adv-heading23_bfc9de-2b[data-kb-block=\"kb-adv-heading23_bfc9de-2b\"] mark.kt-highlight{font-style:normal;color:#f76a0c;-webkit-box-decoration-break:clone;box-decoration-break:clone;padding-top:0px;padding-right:0px;padding-bottom:0px;padding-left:0px;}.wp-block-kadence-advancedheading.kt-adv-heading23_bfc9de-2b img.kb-inline-image, .wp-block-kadence-advancedheading.kt-adv-heading23_bfc9de-2b[data-kb-block=\"kb-adv-heading23_bfc9de-2b\"] img.kb-inline-image{width:150px;vertical-align:baseline;}<\/style><h2 class=\"kt-adv-heading23_bfc9de-2b wp-block-kadence-advancedheading kt-adv-heading-has-icon\" data-kb-block=\"kb-adv-heading23_bfc9de-2b\"><span class=\"kb-svg-icon-wrap kb-adv-heading-icon kb-svg-icon-fe_check kb-adv-heading-icon-side-left\"><svg viewBox=\"0 0 24 24\"  fill=\"none\" stroke=\"currentColor\" stroke-width=\"2\" stroke-linecap=\"round\" stroke-linejoin=\"round\" xmlns=\"http:\/\/www.w3.org\/2000\/svg\"  aria-hidden=\"true\"><polyline points=\"20 6 9 17 4 12\"\/><\/svg><\/span><span class=\"kb-adv-text-inner\">Cours d&rsquo;informatique : J&rsquo;ai \u00e0 c\u0153ur de partager mes connaissances en informatique avec les novices. Je propose des cours d&rsquo;informatiques personnalis\u00e9s pour aider les gens \u00e0 acqu\u00e9rir des comp\u00e9tences essentielles dans le monde num\u00e9rique.<\/span><\/h2>\n\n<style>.wp-block-kadence-advancedheading.kt-adv-heading23_dadfb5-4e, .wp-block-kadence-advancedheading.kt-adv-heading23_dadfb5-4e[data-kb-block=\"kb-adv-heading23_dadfb5-4e\"]{font-size:var(--global-kb-font-size-md, 1.25rem);font-weight:400;font-style:normal;font-family:Arima;}.wp-block-kadence-advancedheading.kt-adv-heading23_dadfb5-4e mark.kt-highlight, .wp-block-kadence-advancedheading.kt-adv-heading23_dadfb5-4e[data-kb-block=\"kb-adv-heading23_dadfb5-4e\"] mark.kt-highlight{font-style:normal;color:#f76a0c;-webkit-box-decoration-break:clone;box-decoration-break:clone;padding-top:0px;padding-right:0px;padding-bottom:0px;padding-left:0px;}.wp-block-kadence-advancedheading.kt-adv-heading23_dadfb5-4e img.kb-inline-image, .wp-block-kadence-advancedheading.kt-adv-heading23_dadfb5-4e[data-kb-block=\"kb-adv-heading23_dadfb5-4e\"] img.kb-inline-image{width:150px;vertical-align:baseline;}<\/style>\n<h2 class=\"kt-adv-heading23_dadfb5-4e wp-block-kadence-advancedheading\" data-kb-block=\"kb-adv-heading23_dadfb5-4e\">Chez JJ DIGITAL, mon objectif est de collaborer avec vous pour r\u00e9aliser vos projets et atteindre vos objectifs, tout en apportant une touche de cr\u00e9ativit\u00e9 et d&rsquo;efficacit\u00e9 \u00e0 chaque \u00e9tape.<\/h2>\n\n\n<style>.wp-block-kadence-advancedheading.kt-adv-heading23_a8b8ac-29, .wp-block-kadence-advancedheading.kt-adv-heading23_a8b8ac-29[data-kb-block=\"kb-adv-heading23_a8b8ac-29\"]{font-size:var(--global-kb-font-size-md, 1.25rem);font-weight:400;font-style:normal;font-family:Arima;}.wp-block-kadence-advancedheading.kt-adv-heading23_a8b8ac-29 mark.kt-highlight, .wp-block-kadence-advancedheading.kt-adv-heading23_a8b8ac-29[data-kb-block=\"kb-adv-heading23_a8b8ac-29\"] mark.kt-highlight{font-style:normal;color:#f76a0c;-webkit-box-decoration-break:clone;box-decoration-break:clone;padding-top:0px;padding-right:0px;padding-bottom:0px;padding-left:0px;}.wp-block-kadence-advancedheading.kt-adv-heading23_a8b8ac-29 img.kb-inline-image, .wp-block-kadence-advancedheading.kt-adv-heading23_a8b8ac-29[data-kb-block=\"kb-adv-heading23_a8b8ac-29\"] img.kb-inline-image{width:150px;vertical-align:baseline;}<\/style>\n<h2 class=\"kt-adv-heading23_a8b8ac-29 wp-block-kadence-advancedheading\" data-kb-block=\"kb-adv-heading23_a8b8ac-29\">Je suis impatiente de mettre mes comp\u00e9tences et ma passion au service de votre r\u00e9ussite.<\/h2>\n<\/div><\/div>\n\n<\/div><\/div>\n\n\n<div style=\"height:100px\" aria-hidden=\"true\" class=\"wp-block-spacer\"><\/div>\n","protected":false},"excerpt":{"rendered":"<p>Je me pr\u00e9sente Johanna, une professionnelle dans le secr\u00e9tariat avec plus de 14 ans d\u2019exp\u00e9rience \u00e0 mon actif. Mon parcours professionnel \u00e0 toujours \u00e9t\u00e9 guid\u00e9 par ma passion pour l\u2019informatique et la cr\u00e9ativit\u00e9. C\u2019est pourquoi, au fil des ann\u00e9es, j\u2019ai entrepris une formation approfondie en graphisme et en webdesign. En 2023, j\u2019ai d\u00e9cid\u00e9 de concr\u00e9tiser&#8230;<\/p>\n","protected":false},"author":1,"featured_media":0,"parent":0,"menu_order":0,"comment_status":"closed","ping_status":"closed","template":"","meta":{"_kad_post_transparent":"","_kad_post_title":"","_kad_post_layout":"","_kad_post_sidebar_id":"","_kad_post_content_style":"","_kad_post_vertical_padding":"","_kad_post_feature":"","_kad_post_feature_position":"","_kad_post_header":false,"_kad_post_footer":false,"_kad_post_classname":"","footnotes":""},"class_list":["post-23","page","type-page","status-publish","hentry"],"yoast_head":"<!-- This site is optimized with the Yoast SEO plugin v27.1.1 - https:\/\/yoast.com\/product\/yoast-seo-wordpress\/ -->\n<title>Ma parcours professionnelle<\/title>\n<meta name=\"description\" content=\"Je me suis form\u00e9 dans le graphisme et le webdesigner pour en arriv\u00e9 l\u00e0. J&#039;aide les entreprises dans leurs visuel.\" \/>\n<meta name=\"robots\" content=\"index, follow, max-snippet:-1, max-image-preview:large, max-video-preview:-1\" \/>\n<link rel=\"canonical\" href=\"https:\/\/jjdigital.fr\/?page_id=23\" \/>\n<meta property=\"og:locale\" content=\"fr_FR\" \/>\n<meta property=\"og:type\" content=\"article\" \/>\n<meta property=\"og:title\" content=\"Ma parcours professionnelle\" \/>\n<meta property=\"og:description\" content=\"Je me suis form\u00e9 dans le graphisme et le webdesigner pour en arriv\u00e9 l\u00e0. J&#039;aide les entreprises dans leurs visuel.\" \/>\n<meta property=\"og:url\" content=\"https:\/\/jjdigital.fr\/?page_id=23\" \/>\n<meta property=\"og:site_name\" content=\"JJ DIGITAL\" \/>\n<meta property=\"article:publisher\" content=\"https:\/\/www.facebook.com\/profile.php?id=100091439164825\" \/>\n<meta property=\"article:modified_time\" content=\"2024-05-30T10:04:52+00:00\" \/>\n<meta property=\"og:image\" content=\"http:\/\/jjdigital.fr\/wp-content\/uploads\/2024\/04\/photo-profil-1-1024x890.jpg\" \/>\n<meta name=\"twitter:card\" content=\"summary_large_image\" \/>\n<meta name=\"twitter:label1\" content=\"Dur\u00e9e de lecture estim\u00e9e\" \/>\n\t<meta name=\"twitter:data1\" content=\"2 minutes\" \/>\n<script type=\"application\/ld+json\" class=\"yoast-schema-graph\">{\"@context\":\"https:\/\/schema.org\",\"@graph\":[{\"@type\":\"WebPage\",\"@id\":\"https:\/\/jjdigital.fr\/?page_id=23\",\"url\":\"https:\/\/jjdigital.fr\/?page_id=23\",\"name\":\"Ma parcours professionnelle\",\"isPartOf\":{\"@id\":\"https:\/\/jjdigital.fr\/#website\"},\"primaryImageOfPage\":{\"@id\":\"https:\/\/jjdigital.fr\/?page_id=23#primaryimage\"},\"image\":{\"@id\":\"https:\/\/jjdigital.fr\/?page_id=23#primaryimage\"},\"thumbnailUrl\":\"http:\/\/jjdigital.fr\/wp-content\/uploads\/2024\/04\/photo-profil-1-1024x890.jpg\",\"datePublished\":\"2024-04-08T14:46:09+00:00\",\"dateModified\":\"2024-05-30T10:04:52+00:00\",\"description\":\"Je me suis form\u00e9 dans le graphisme et le webdesigner pour en arriv\u00e9 l\u00e0. J'aide les entreprises dans leurs visuel.\",\"breadcrumb\":{\"@id\":\"https:\/\/jjdigital.fr\/?page_id=23#breadcrumb\"},\"inLanguage\":\"fr-FR\",\"potentialAction\":[{\"@type\":\"ReadAction\",\"target\":[\"https:\/\/jjdigital.fr\/?page_id=23\"]}]},{\"@type\":\"ImageObject\",\"inLanguage\":\"fr-FR\",\"@id\":\"https:\/\/jjdigital.fr\/?page_id=23#primaryimage\",\"url\":\"https:\/\/jjdigital.fr\/wp-content\/uploads\/2024\/04\/photo-profil-1.jpg\",\"contentUrl\":\"https:\/\/jjdigital.fr\/wp-content\/uploads\/2024\/04\/photo-profil-1.jpg\",\"width\":2268,\"height\":1972},{\"@type\":\"BreadcrumbList\",\"@id\":\"https:\/\/jjdigital.fr\/?page_id=23#breadcrumb\",\"itemListElement\":[{\"@type\":\"ListItem\",\"position\":1,\"name\":\"Accueil\",\"item\":\"https:\/\/jjdigital.fr\/\"},{\"@type\":\"ListItem\",\"position\":2,\"name\":\"Mon parcours\"}]},{\"@type\":\"WebSite\",\"@id\":\"https:\/\/jjdigital.fr\/#website\",\"url\":\"https:\/\/jjdigital.fr\/\",\"name\":\"jjdigital.fr\",\"description\":\"\",\"publisher\":{\"@id\":\"https:\/\/jjdigital.fr\/#organization\"},\"potentialAction\":[{\"@type\":\"SearchAction\",\"target\":{\"@type\":\"EntryPoint\",\"urlTemplate\":\"https:\/\/jjdigital.fr\/?s={search_term_string}\"},\"query-input\":{\"@type\":\"PropertyValueSpecification\",\"valueRequired\":true,\"valueName\":\"search_term_string\"}}],\"inLanguage\":\"fr-FR\"},{\"@type\":\"Organization\",\"@id\":\"https:\/\/jjdigital.fr\/#organization\",\"name\":\"JJ DIGITAL\",\"url\":\"https:\/\/jjdigital.fr\/\",\"logo\":{\"@type\":\"ImageObject\",\"inLanguage\":\"fr-FR\",\"@id\":\"https:\/\/jjdigital.fr\/#\/schema\/logo\/image\/\",\"url\":\"https:\/\/jjdigital.fr\/wp-content\/uploads\/2024\/04\/Logo-pour-le-numerique-1.png\",\"contentUrl\":\"https:\/\/jjdigital.fr\/wp-content\/uploads\/2024\/04\/Logo-pour-le-numerique-1.png\",\"width\":378,\"height\":151,\"caption\":\"JJ DIGITAL\"},\"image\":{\"@id\":\"https:\/\/jjdigital.fr\/#\/schema\/logo\/image\/\"},\"sameAs\":[\"https:\/\/www.facebook.com\/profile.php?id=100091439164825\"]}]}<\/script>\n<!-- \/ Yoast SEO plugin. -->","yoast_head_json":{"title":"Ma parcours professionnelle","description":"Je me suis form\u00e9 dans le graphisme et le webdesigner pour en arriv\u00e9 l\u00e0. J'aide les entreprises dans leurs visuel.","robots":{"index":"index","follow":"follow","max-snippet":"max-snippet:-1","max-image-preview":"max-image-preview:large","max-video-preview":"max-video-preview:-1"},"canonical":"https:\/\/jjdigital.fr\/?page_id=23","og_locale":"fr_FR","og_type":"article","og_title":"Ma parcours professionnelle","og_description":"Je me suis form\u00e9 dans le graphisme et le webdesigner pour en arriv\u00e9 l\u00e0. J'aide les entreprises dans leurs visuel.","og_url":"https:\/\/jjdigital.fr\/?page_id=23","og_site_name":"JJ DIGITAL","article_publisher":"https:\/\/www.facebook.com\/profile.php?id=100091439164825","article_modified_time":"2024-05-30T10:04:52+00:00","og_image":[{"url":"http:\/\/jjdigital.fr\/wp-content\/uploads\/2024\/04\/photo-profil-1-1024x890.jpg","type":"","width":"","height":""}],"twitter_card":"summary_large_image","twitter_misc":{"Dur\u00e9e de lecture estim\u00e9e":"2 minutes"},"schema":{"@context":"https:\/\/schema.org","@graph":[{"@type":"WebPage","@id":"https:\/\/jjdigital.fr\/?page_id=23","url":"https:\/\/jjdigital.fr\/?page_id=23","name":"Ma parcours professionnelle","isPartOf":{"@id":"https:\/\/jjdigital.fr\/#website"},"primaryImageOfPage":{"@id":"https:\/\/jjdigital.fr\/?page_id=23#primaryimage"},"image":{"@id":"https:\/\/jjdigital.fr\/?page_id=23#primaryimage"},"thumbnailUrl":"http:\/\/jjdigital.fr\/wp-content\/uploads\/2024\/04\/photo-profil-1-1024x890.jpg","datePublished":"2024-04-08T14:46:09+00:00","dateModified":"2024-05-30T10:04:52+00:00","description":"Je me suis form\u00e9 dans le graphisme et le webdesigner pour en arriv\u00e9 l\u00e0. J'aide les entreprises dans leurs visuel.","breadcrumb":{"@id":"https:\/\/jjdigital.fr\/?page_id=23#breadcrumb"},"inLanguage":"fr-FR","potentialAction":[{"@type":"ReadAction","target":["https:\/\/jjdigital.fr\/?page_id=23"]}]},{"@type":"ImageObject","inLanguage":"fr-FR","@id":"https:\/\/jjdigital.fr\/?page_id=23#primaryimage","url":"https:\/\/jjdigital.fr\/wp-content\/uploads\/2024\/04\/photo-profil-1.jpg","contentUrl":"https:\/\/jjdigital.fr\/wp-content\/uploads\/2024\/04\/photo-profil-1.jpg","width":2268,"height":1972},{"@type":"BreadcrumbList","@id":"https:\/\/jjdigital.fr\/?page_id=23#breadcrumb","itemListElement":[{"@type":"ListItem","position":1,"name":"Accueil","item":"https:\/\/jjdigital.fr\/"},{"@type":"ListItem","position":2,"name":"Mon parcours"}]},{"@type":"WebSite","@id":"https:\/\/jjdigital.fr\/#website","url":"https:\/\/jjdigital.fr\/","name":"jjdigital.fr","description":"","publisher":{"@id":"https:\/\/jjdigital.fr\/#organization"},"potentialAction":[{"@type":"SearchAction","target":{"@type":"EntryPoint","urlTemplate":"https:\/\/jjdigital.fr\/?s={search_term_string}"},"query-input":{"@type":"PropertyValueSpecification","valueRequired":true,"valueName":"search_term_string"}}],"inLanguage":"fr-FR"},{"@type":"Organization","@id":"https:\/\/jjdigital.fr\/#organization","name":"JJ DIGITAL","url":"https:\/\/jjdigital.fr\/","logo":{"@type":"ImageObject","inLanguage":"fr-FR","@id":"https:\/\/jjdigital.fr\/#\/schema\/logo\/image\/","url":"https:\/\/jjdigital.fr\/wp-content\/uploads\/2024\/04\/Logo-pour-le-numerique-1.png","contentUrl":"https:\/\/jjdigital.fr\/wp-content\/uploads\/2024\/04\/Logo-pour-le-numerique-1.png","width":378,"height":151,"caption":"JJ DIGITAL"},"image":{"@id":"https:\/\/jjdigital.fr\/#\/schema\/logo\/image\/"},"sameAs":["https:\/\/www.facebook.com\/profile.php?id=100091439164825"]}]}},"_links":{"self":[{"href":"https:\/\/jjdigital.fr\/index.php?rest_route=\/wp\/v2\/pages\/23","targetHints":{"allow":["GET"]}}],"collection":[{"href":"https:\/\/jjdigital.fr\/index.php?rest_route=\/wp\/v2\/pages"}],"about":[{"href":"https:\/\/jjdigital.fr\/index.php?rest_route=\/wp\/v2\/types\/page"}],"author":[{"embeddable":true,"href":"https:\/\/jjdigital.fr\/index.php?rest_route=\/wp\/v2\/users\/1"}],"replies":[{"embeddable":true,"href":"https:\/\/jjdigital.fr\/index.php?rest_route=%2Fwp%2Fv2%2Fcomments&post=23"}],"version-history":[{"count":17,"href":"https:\/\/jjdigital.fr\/index.php?rest_route=\/wp\/v2\/pages\/23\/revisions"}],"predecessor-version":[{"id":484,"href":"https:\/\/jjdigital.fr\/index.php?rest_route=\/wp\/v2\/pages\/23\/revisions\/484"}],"wp:attachment":[{"href":"https:\/\/jjdigital.fr\/index.php?rest_route=%2Fwp%2Fv2%2Fmedia&parent=23"}],"curies":[{"name":"wp","href":"https:\/\/api.w.org\/{rel}","templated":true}]}}